{"id":36,"date":"2012-10-31T16:46:56","date_gmt":"2012-10-31T20:46:56","guid":{"rendered":"http:\/\/retraitesahuntsic.wordpress.com\/?page_id=36"},"modified":"2016-06-07T14:25:31","modified_gmt":"2016-06-07T18:25:31","slug":"accueil-2","status":"publish","type":"page","link":"http:\/\/cahuntsic.ca\/livrets-retraites\/","title":{"rendered":"HOMMAGE AUX RETRAIT\u00c9S"},"content":{"rendered":"<p>Bonjour,<\/p>\n<p>Voici venu le moment o\u00f9, collectivement, nous rendons hommage \u00e0 tous ceux et celles qui ont pris leur retraite au cours de l\u2019ann\u00e9e.<\/p>\n<p>Ce moment est une \u00e9tape importante dans votre parcours professionnel et ce recueil virtuel permet de r\u00e9colter les t\u00e9moignages de coll\u00e8gues qui ont partag\u00e9 votre quotidien et qui vous ont appr\u00e9ci\u00e9(e) tout au long de ces ann\u00e9es qui ont pass\u00e9 si vite. Le Coll\u00e8ge n\u2019est pas seulement un banal lieu de travail, c\u2019est un v\u00e9ritable milieu de vie, riche, dynamique et marquant pour tous ceux et celles qui s\u2019y investissent, \u00e9tudiants ou membres du personnel.<\/p>\n<p>Au fil des ans, vous avez accompli de nombreuses r\u00e9alisations, v\u00e9cu des rencontres signifiantes, nou\u00e9 des amiti\u00e9s durables. Permettez-moi de vous remercier pour votre engagement et pour votre contribution au Coll\u00e8ge et vous souhaiter, pour les prochaines ann\u00e9es, d\u2019autres d\u00e9fis personnels ou professionnels \u00e0 la hauteur de vos attentes.<\/p>\n<p>Meilleurs v\u0153ux de bonheur, de sant\u00e9 et de s\u00e9r\u00e9nit\u00e9<\/p>\n<p>La directrice g\u00e9n\u00e9rale,<br \/>\nNathalie Vall\u00e9e<\/p>\n","protected":false},"excerpt":{"rendered":"<p>Bonjour, Voici venu le moment o\u00f9, collectivement, nous rendons hommage \u00e0 tous ceux et celles qui ont pris leur retraite au cours de l\u2019ann\u00e9e. Ce moment est une \u00e9tape importante dans votre parcours professionnel et ce recueil virtuel permet de &hellip; <a href=\"http:\/\/cahuntsic.ca\/livrets-retraites\/\">Continuer la lecture <span class=\"meta-nav\">&rarr;<\/span><\/a><\/p>\n","protected":false},"author":1,"featured_media":0,"parent":0,"menu_order":-2,"comment_status":"closed","ping_status":"closed","template":"","meta":[],"_links":{"self":[{"href":"http:\/\/cahuntsic.ca\/livrets-retraites\/wp-json\/wp\/v2\/pages\/36"}],"collection":[{"href":"http:\/\/cahuntsic.ca\/livrets-retraites\/wp-json\/wp\/v2\/pages"}],"about":[{"href":"http:\/\/cahuntsic.ca\/livrets-retraites\/wp-json\/wp\/v2\/types\/page"}],"author":[{"embeddable":true,"href":"http:\/\/cahuntsic.ca\/livrets-retraites\/wp-json\/wp\/v2\/users\/1"}],"replies":[{"embeddable":true,"href":"http:\/\/cahuntsic.ca\/livrets-retraites\/wp-json\/wp\/v2\/comments?post=36"}],"version-history":[{"count":7,"href":"http:\/\/cahuntsic.ca\/livrets-retraites\/wp-json\/wp\/v2\/pages\/36\/revisions"}],"predecessor-version":[{"id":496,"href":"http:\/\/cahuntsic.ca\/livrets-retraites\/wp-json\/wp\/v2\/pages\/36\/revisions\/496"}],"wp:attachment":[{"href":"http:\/\/cahuntsic.ca\/livrets-retraites\/wp-json\/wp\/v2\/media?parent=36"}],"curies":[{"name":"wp","href":"https:\/\/api.w.org\/{rel}","templated":true}]}}