{"id":5,"date":"2012-10-09T20:45:54","date_gmt":"2012-10-10T00:45:54","guid":{"rendered":"http:\/\/retraitesahuntsic.wordpress.com\/?page_id=5"},"modified":"2015-04-17T11:13:51","modified_gmt":"2015-04-17T15:13:51","slug":"nos-retraites","status":"publish","type":"page","link":"http:\/\/cahuntsic.ca\/livrets-retraites\/nos-retraites\/","title":{"rendered":"NOS RETRAIT\u00c9S"},"content":{"rendered":"<p>Choisissez l&rsquo;ann\u00e9e regroupant vos retrait\u00e9s pr\u00e9f\u00e9r\u00e9s.<\/p>\n<ul class=\"pcig-ul-list pcig-top-ul-list\"><li class=\"pcig-li-item\"><span class=\"pcig-category\">Nos retrait\u00e9s<\/span><\/li><ul class=\"pcig-ul-list\"><\/ul><ul class=\"pcig-ul-list\"><li class=\"pcig-li-item\"><span class=\"pcig-category\"><a href=\"http:\/\/cahuntsic.ca\/livrets-retraites\/category\/nos-retraites\/retraites-2012\/\" class=\"pcig-category-link\" title=\"Retrait\u00e9s 2012\">Retrait\u00e9s 2012<\/a><\/span><\/li><li class=\"pcig-li-item\"><span class=\"pcig-category\"><a href=\"http:\/\/cahuntsic.ca\/livrets-retraites\/category\/nos-retraites\/retraites-2013\/\" class=\"pcig-category-link\" title=\"Retrait\u00e9s 2013\">Retrait\u00e9s 2013<\/a><\/span><\/li><li class=\"pcig-li-item\"><span class=\"pcig-category\"><a href=\"http:\/\/cahuntsic.ca\/livrets-retraites\/category\/nos-retraites\/retraites-2014\/\" class=\"pcig-category-link\" title=\"Retrait\u00e9s 2014\">Retrait\u00e9s 2014<\/a><\/span><\/li><li class=\"pcig-li-item\"><span class=\"pcig-category\"><a href=\"http:\/\/cahuntsic.ca\/livrets-retraites\/category\/nos-retraites\/retraites-2015\/\" class=\"pcig-category-link\" title=\"Retrait\u00e9s 2015\">Retrait\u00e9s 2015<\/a><\/span><\/li><li class=\"pcig-li-item\"><span class=\"pcig-category\"><a href=\"http:\/\/cahuntsic.ca\/livrets-retraites\/category\/nos-retraites\/retraites-2016\/\" class=\"pcig-category-link\" title=\"Retrait\u00e9s 2016\">Retrait\u00e9s 2016<\/a><\/span><\/li><li class=\"pcig-li-item\"><span class=\"pcig-category\"><a href=\"http:\/\/cahuntsic.ca\/livrets-retraites\/category\/nos-retraites\/retraites-2017\/\" class=\"pcig-category-link\" title=\"Retrait\u00e9s 2017\">Retrait\u00e9s 2017<\/a><\/span><\/li><\/ul><\/ul>\n","protected":false},"excerpt":{"rendered":"<p>Choisissez l&rsquo;ann\u00e9e regroupant vos retrait\u00e9s pr\u00e9f\u00e9r\u00e9s.<\/p>\n","protected":false},"author":1,"featured_media":0,"parent":0,"menu_order":-1,"comment_status":"closed","ping_status":"closed","template":"","meta":[],"_links":{"self":[{"href":"http:\/\/cahuntsic.ca\/livrets-retraites\/wp-json\/wp\/v2\/pages\/5"}],"collection":[{"href":"http:\/\/cahuntsic.ca\/livrets-retraites\/wp-json\/wp\/v2\/pages"}],"about":[{"href":"http:\/\/cahuntsic.ca\/livrets-retraites\/wp-json\/wp\/v2\/types\/page"}],"author":[{"embeddable":true,"href":"http:\/\/cahuntsic.ca\/livrets-retraites\/wp-json\/wp\/v2\/users\/1"}],"replies":[{"embeddable":true,"href":"http:\/\/cahuntsic.ca\/livrets-retraites\/wp-json\/wp\/v2\/comments?post=5"}],"version-history":[{"count":1,"href":"http:\/\/cahuntsic.ca\/livrets-retraites\/wp-json\/wp\/v2\/pages\/5\/revisions"}],"predecessor-version":[{"id":355,"href":"http:\/\/cahuntsic.ca\/livrets-retraites\/wp-json\/wp\/v2\/pages\/5\/revisions\/355"}],"wp:attachment":[{"href":"http:\/\/cahuntsic.ca\/livrets-retraites\/wp-json\/wp\/v2\/media?parent=5"}],"curies":[{"name":"wp","href":"https:\/\/api.w.org\/{rel}","templated":true}]}}